{"id":752,"date":"2026-01-28T02:26:13","date_gmt":"2026-01-27T23:26:13","guid":{"rendered":"https:\/\/www.nefislezzetim.com\/blog\/?page_id=752"},"modified":"2026-01-28T02:26:13","modified_gmt":"2026-01-27T23:26:13","slug":"iletisim","status":"publish","type":"page","link":"https:\/\/www.nefislezzetim.com\/blog\/iletisim\/","title":{"rendered":"\u0130leti\u015fim"},"content":{"rendered":"<p data-start=\"186\" data-end=\"330\">Bizimle ileti\u015fime ge\u00e7ti\u011finiz i\u00e7in te\u015fekk\u00fcr ederiz.<br data-start=\"236\" data-end=\"239\" \/><strong data-start=\"239\" data-end=\"265\">nefislezzetim.com\/blog<\/strong> olarak g\u00f6r\u00fc\u015flerinizi, \u00f6nerilerinizi ve sorular\u0131n\u0131z\u0131 \u00f6nemsiyoruz.<\/p>\n<p data-start=\"332\" data-end=\"392\">A\u015fa\u011f\u0131daki konularla ilgili bizimle ileti\u015fime ge\u00e7ebilirsiniz:<\/p>\n<ul>\n<li data-start=\"396\" data-end=\"440\">Blog i\u00e7erikleri hakk\u0131nda g\u00f6r\u00fc\u015f ve \u00f6neriler<\/li>\n<li data-start=\"443\" data-end=\"487\">Tarifler ve payla\u015f\u0131mlar ile ilgili sorular<\/li>\n<li data-start=\"490\" data-end=\"522\">\u0130\u015f birli\u011fi ve reklam talepleri<\/li>\n<li data-start=\"525\" data-end=\"579\">Teknik sorunlar veya siteyle ilgili geri bildirimler<\/li>\n<\/ul>\n<h3 data-start=\"586\" data-end=\"612\"><strong data-start=\"590\" data-end=\"612\">\u0130leti\u015fim Bilgileri<\/strong><\/h3>\n<p data-start=\"614\" data-end=\"660\">&#x1f4e7; <strong data-start=\"617\" data-end=\"629\">E-posta:<\/strong><br data-start=\"629\" data-end=\"632\" \/><a class=\"decorated-link cursor-pointer\" rel=\"noopener\" data-start=\"632\" data-end=\"658\">iletisim@nefislezzetim.com<\/a><\/p>\n<p data-start=\"662\" data-end=\"776\">Size en k\u0131sa s\u00fcrede geri d\u00f6n\u00fc\u015f sa\u011flamaya \u00e7al\u0131\u015f\u0131yoruz.<br data-start=\"715\" data-end=\"718\" \/>Yo\u011funlu\u011fa ba\u011fl\u0131 olarak yan\u0131t s\u00fcresi 1\u20133 i\u015f g\u00fcn\u00fc s\u00fcrebilir.<\/p>\n<h3 data-start=\"783\" data-end=\"816\"><strong data-start=\"787\" data-end=\"816\">Yorum ve Geri Bildirimler<\/strong><\/h3>\n<p data-start=\"818\" data-end=\"957\">Blog yaz\u0131lar\u0131 alt\u0131ndaki yorumlar arac\u0131l\u0131\u011f\u0131yla da g\u00f6r\u00fc\u015flerinizi bizimle payla\u015fabilirsiniz.<br data-start=\"907\" data-end=\"910\" \/>Yorumlar yay\u0131nlanmadan \u00f6nce kontrol edilebilir.<\/p>\n<h3 data-start=\"964\" data-end=\"980\"><strong data-start=\"968\" data-end=\"980\">Gizlilik<\/strong><\/h3>\n<p data-start=\"982\" data-end=\"1189\">\u0130leti\u015fim yoluyla payla\u015ft\u0131\u011f\u0131n\u0131z ki\u015fisel bilgiler, yaln\u0131zca talebinize yan\u0131t vermek amac\u0131yla kullan\u0131l\u0131r ve \u00fc\u00e7\u00fcnc\u00fc ki\u015filerle payla\u015f\u0131lmaz. Detayl\u0131 bilgi i\u00e7in <a href=\"https:\/\/www.nefislezzetim.com\/blog\/gizlilik-politikasi\/\"><strong data-start=\"1136\" data-end=\"1159\">Gizlilik Politikas\u0131<\/strong><\/a> sayfam\u0131z\u0131 inceleyebilirsiniz.<\/p>\n","protected":false},"excerpt":{"rendered":"<p>Bizimle ileti\u015fime ge\u00e7ti\u011finiz i\u00e7in te\u015fekk\u00fcr ederiz.nefislezzetim.com\/blog olarak g\u00f6r\u00fc\u015flerinizi, \u00f6nerilerinizi ve sorular\u0131n\u0131z\u0131 \u00f6nemsiyoruz. A\u015fa\u011f\u0131daki konularla ilgili bizimle ileti\u015fime ge\u00e7ebilirsiniz: Blog i\u00e7erikleri hakk\u0131nda g\u00f6r\u00fc\u015f ve \u00f6neriler Tarifler ve payla\u015f\u0131mlar ile ilgili sorular \u0130\u015f birli\u011fi ve reklam talepleri Teknik sorunlar veya siteyle ilgili geri bildirimler \u0130leti\u015fim Bilgileri &#x1f4e7; E-posta:iletisim@nefislezzetim.com Size en k\u0131sa s\u00fcrede geri d\u00f6n\u00fc\u015f sa\u011flamaya \u00e7al\u0131\u015f\u0131yoruz.Yo\u011funlu\u011fa ba\u011fl\u0131 [&hellip;]<\/p>\n","protected":false},"author":1,"featured_media":0,"parent":0,"menu_order":0,"comment_status":"closed","ping_status":"closed","template":"","meta":{"footnotes":""},"class_list":["post-752","page","type-page","status-publish","hentry"],"yoast_head":"<!-- This site is optimized with the Yoast SEO plugin v26.8 - https:\/\/yoast.com\/product\/yoast-seo-wordpress\/ -->\n<title>\u0130leti\u015fim - Blog<\/title>\n<meta name=\"robots\" content=\"index, follow, max-snippet:-1, max-image-preview:large, max-video-preview:-1\" \/>\n<link rel=\"canonical\" href=\"https:\/\/www.nefislezzetim.com\/blog\/iletisim\/\" \/>\n<meta property=\"og:locale\" content=\"tr_TR\" \/>\n<meta property=\"og:type\" content=\"article\" \/>\n<meta property=\"og:title\" content=\"\u0130leti\u015fim - Blog\" \/>\n<meta property=\"og:description\" content=\"Bizimle ileti\u015fime ge\u00e7ti\u011finiz i\u00e7in te\u015fekk\u00fcr ederiz.nefislezzetim.com\/blog olarak g\u00f6r\u00fc\u015flerinizi, \u00f6nerilerinizi ve sorular\u0131n\u0131z\u0131 \u00f6nemsiyoruz. A\u015fa\u011f\u0131daki konularla ilgili bizimle ileti\u015fime ge\u00e7ebilirsiniz: Blog i\u00e7erikleri hakk\u0131nda g\u00f6r\u00fc\u015f ve \u00f6neriler Tarifler ve payla\u015f\u0131mlar ile ilgili sorular \u0130\u015f birli\u011fi ve reklam talepleri Teknik sorunlar veya siteyle ilgili geri bildirimler \u0130leti\u015fim Bilgileri &#x1f4e7; E-posta:iletisim@nefislezzetim.com Size en k\u0131sa s\u00fcrede geri d\u00f6n\u00fc\u015f sa\u011flamaya \u00e7al\u0131\u015f\u0131yoruz.Yo\u011funlu\u011fa ba\u011fl\u0131 [&hellip;]\" \/>\n<meta property=\"og:url\" content=\"https:\/\/www.nefislezzetim.com\/blog\/iletisim\/\" \/>\n<meta property=\"og:site_name\" content=\"Blog\" \/>\n<meta name=\"twitter:card\" content=\"summary_large_image\" \/>\n<meta name=\"twitter:label1\" content=\"Tahmini okuma s\u00fcresi\" \/>\n\t<meta name=\"twitter:data1\" content=\"1 dakika\" \/>\n<script type=\"application\/ld+json\" class=\"yoast-schema-graph\">{\"@context\":\"https:\/\/schema.org\",\"@graph\":[{\"@type\":\"WebPage\",\"@id\":\"https:\/\/www.nefislezzetim.com\/blog\/iletisim\/\",\"url\":\"https:\/\/www.nefislezzetim.com\/blog\/iletisim\/\",\"name\":\"\u0130leti\u015fim - Blog\",\"isPartOf\":{\"@id\":\"https:\/\/www.nefislezzetim.com\/blog\/#website\"},\"datePublished\":\"2026-01-27T23:26:13+00:00\",\"breadcrumb\":{\"@id\":\"https:\/\/www.nefislezzetim.com\/blog\/iletisim\/#breadcrumb\"},\"inLanguage\":\"tr\",\"potentialAction\":[{\"@type\":\"ReadAction\",\"target\":[\"https:\/\/www.nefislezzetim.com\/blog\/iletisim\/\"]}]},{\"@type\":\"BreadcrumbList\",\"@id\":\"https:\/\/www.nefislezzetim.com\/blog\/iletisim\/#breadcrumb\",\"itemListElement\":[{\"@type\":\"ListItem\",\"position\":1,\"name\":\"Anasayfa\",\"item\":\"https:\/\/www.nefislezzetim.com\/blog\/\"},{\"@type\":\"ListItem\",\"position\":2,\"name\":\"\u0130leti\u015fim\"}]},{\"@type\":\"WebSite\",\"@id\":\"https:\/\/www.nefislezzetim.com\/blog\/#website\",\"url\":\"https:\/\/www.nefislezzetim.com\/blog\/\",\"name\":\"Blog\",\"description\":\"G\u00fcnl\u00fck ya\u015fam, \u00f6zel g\u00fcnler ve pratik bilgiler\",\"publisher\":{\"@id\":\"https:\/\/www.nefislezzetim.com\/blog\/#organization\"},\"potentialAction\":[{\"@type\":\"SearchAction\",\"target\":{\"@type\":\"EntryPoint\",\"urlTemplate\":\"https:\/\/www.nefislezzetim.com\/blog\/?s={search_term_string}\"},\"query-input\":{\"@type\":\"PropertyValueSpecification\",\"valueRequired\":true,\"valueName\":\"search_term_string\"}}],\"inLanguage\":\"tr\"},{\"@type\":\"Organization\",\"@id\":\"https:\/\/www.nefislezzetim.com\/blog\/#organization\",\"name\":\"Blog\",\"url\":\"https:\/\/www.nefislezzetim.com\/blog\/\",\"logo\":{\"@type\":\"ImageObject\",\"inLanguage\":\"tr\",\"@id\":\"https:\/\/www.nefislezzetim.com\/blog\/#\/schema\/logo\/image\/\",\"url\":\"https:\/\/www.nefislezzetim.com\/blog\/wp-content\/uploads\/2026\/01\/nefislezzetim-1024x683.png\",\"contentUrl\":\"https:\/\/www.nefislezzetim.com\/blog\/wp-content\/uploads\/2026\/01\/nefislezzetim-1024x683.png\",\"width\":1024,\"height\":683,\"caption\":\"Blog\"},\"image\":{\"@id\":\"https:\/\/www.nefislezzetim.com\/blog\/#\/schema\/logo\/image\/\"}}]}<\/script>\n<!-- \/ Yoast SEO plugin. -->","yoast_head_json":{"title":"\u0130leti\u015fim - Blog","robots":{"index":"index","follow":"follow","max-snippet":"max-snippet:-1","max-image-preview":"max-image-preview:large","max-video-preview":"max-video-preview:-1"},"canonical":"https:\/\/www.nefislezzetim.com\/blog\/iletisim\/","og_locale":"tr_TR","og_type":"article","og_title":"\u0130leti\u015fim - Blog","og_description":"Bizimle ileti\u015fime ge\u00e7ti\u011finiz i\u00e7in te\u015fekk\u00fcr ederiz.nefislezzetim.com\/blog olarak g\u00f6r\u00fc\u015flerinizi, \u00f6nerilerinizi ve sorular\u0131n\u0131z\u0131 \u00f6nemsiyoruz. A\u015fa\u011f\u0131daki konularla ilgili bizimle ileti\u015fime ge\u00e7ebilirsiniz: Blog i\u00e7erikleri hakk\u0131nda g\u00f6r\u00fc\u015f ve \u00f6neriler Tarifler ve payla\u015f\u0131mlar ile ilgili sorular \u0130\u015f birli\u011fi ve reklam talepleri Teknik sorunlar veya siteyle ilgili geri bildirimler \u0130leti\u015fim Bilgileri &#x1f4e7; E-posta:iletisim@nefislezzetim.com Size en k\u0131sa s\u00fcrede geri d\u00f6n\u00fc\u015f sa\u011flamaya \u00e7al\u0131\u015f\u0131yoruz.Yo\u011funlu\u011fa ba\u011fl\u0131 [&hellip;]","og_url":"https:\/\/www.nefislezzetim.com\/blog\/iletisim\/","og_site_name":"Blog","twitter_card":"summary_large_image","twitter_misc":{"Tahmini okuma s\u00fcresi":"1 dakika"},"schema":{"@context":"https:\/\/schema.org","@graph":[{"@type":"WebPage","@id":"https:\/\/www.nefislezzetim.com\/blog\/iletisim\/","url":"https:\/\/www.nefislezzetim.com\/blog\/iletisim\/","name":"\u0130leti\u015fim - Blog","isPartOf":{"@id":"https:\/\/www.nefislezzetim.com\/blog\/#website"},"datePublished":"2026-01-27T23:26:13+00:00","breadcrumb":{"@id":"https:\/\/www.nefislezzetim.com\/blog\/iletisim\/#breadcrumb"},"inLanguage":"tr","potentialAction":[{"@type":"ReadAction","target":["https:\/\/www.nefislezzetim.com\/blog\/iletisim\/"]}]},{"@type":"BreadcrumbList","@id":"https:\/\/www.nefislezzetim.com\/blog\/iletisim\/#breadcrumb","itemListElement":[{"@type":"ListItem","position":1,"name":"Anasayfa","item":"https:\/\/www.nefislezzetim.com\/blog\/"},{"@type":"ListItem","position":2,"name":"\u0130leti\u015fim"}]},{"@type":"WebSite","@id":"https:\/\/www.nefislezzetim.com\/blog\/#website","url":"https:\/\/www.nefislezzetim.com\/blog\/","name":"Blog","description":"G\u00fcnl\u00fck ya\u015fam, \u00f6zel g\u00fcnler ve pratik bilgiler","publisher":{"@id":"https:\/\/www.nefislezzetim.com\/blog\/#organization"},"potentialAction":[{"@type":"SearchAction","target":{"@type":"EntryPoint","urlTemplate":"https:\/\/www.nefislezzetim.com\/blog\/?s={search_term_string}"},"query-input":{"@type":"PropertyValueSpecification","valueRequired":true,"valueName":"search_term_string"}}],"inLanguage":"tr"},{"@type":"Organization","@id":"https:\/\/www.nefislezzetim.com\/blog\/#organization","name":"Blog","url":"https:\/\/www.nefislezzetim.com\/blog\/","logo":{"@type":"ImageObject","inLanguage":"tr","@id":"https:\/\/www.nefislezzetim.com\/blog\/#\/schema\/logo\/image\/","url":"https:\/\/www.nefislezzetim.com\/blog\/wp-content\/uploads\/2026\/01\/nefislezzetim-1024x683.png","contentUrl":"https:\/\/www.nefislezzetim.com\/blog\/wp-content\/uploads\/2026\/01\/nefislezzetim-1024x683.png","width":1024,"height":683,"caption":"Blog"},"image":{"@id":"https:\/\/www.nefislezzetim.com\/blog\/#\/schema\/logo\/image\/"}}]}},"_links":{"self":[{"href":"https:\/\/www.nefislezzetim.com\/blog\/wp-json\/wp\/v2\/pages\/752","targetHints":{"allow":["GET"]}}],"collection":[{"href":"https:\/\/www.nefislezzetim.com\/blog\/wp-json\/wp\/v2\/pages"}],"about":[{"href":"https:\/\/www.nefislezzetim.com\/blog\/wp-json\/wp\/v2\/types\/page"}],"author":[{"embeddable":true,"href":"https:\/\/www.nefislezzetim.com\/blog\/wp-json\/wp\/v2\/users\/1"}],"replies":[{"embeddable":true,"href":"https:\/\/www.nefislezzetim.com\/blog\/wp-json\/wp\/v2\/comments?post=752"}],"version-history":[{"count":1,"href":"https:\/\/www.nefislezzetim.com\/blog\/wp-json\/wp\/v2\/pages\/752\/revisions"}],"predecessor-version":[{"id":753,"href":"https:\/\/www.nefislezzetim.com\/blog\/wp-json\/wp\/v2\/pages\/752\/revisions\/753"}],"wp:attachment":[{"href":"https:\/\/www.nefislezzetim.com\/blog\/wp-json\/wp\/v2\/media?parent=752"}],"curies":[{"name":"wp","href":"https:\/\/api.w.org\/{rel}","templated":true}]}}